{"id":460,"date":"2022-05-13T11:56:13","date_gmt":"2022-05-13T09:56:13","guid":{"rendered":"https:\/\/murati-servicetechniker.ch\/data-protection\/"},"modified":"2022-06-28T17:35:50","modified_gmt":"2022-06-28T15:35:50","slug":"data-protection","status":"publish","type":"page","link":"https:\/\/murati-servicetechniker.ch\/en\/data-protection\/","title":{"rendered":"Data protection"},"content":{"rendered":"<p>[et_pb_section fb_built=&#8221;1&#8243; admin_label=&#8221;Hero&#8221; _builder_version=&#8221;4.17.4&#8243; _module_preset=&#8221;default&#8221; use_background_color_gradient=&#8221;on&#8221; background_color_gradient_type=&#8221;circular&#8221; background_color_gradient_direction_radial=&#8221;top left&#8221; background_color_gradient_stops=&#8221;rgba(40,40,40,0.79) 0%|rgba(40,40,40,0.86) 100%&#8221; background_color_gradient_overlays_image=&#8221;on&#8221; background_color_gradient_start=&#8221;rgba(40,40,40,0.79)&#8221; background_color_gradient_end=&#8221;rgba(40,40,40,0.86)&#8221; background_image=&#8221;http:\/\/murati-servicetechniker.ch\/wp-content\/uploads\/2022\/06\/Rechtliches-Murati-1.png&#8221; custom_margin=&#8221;||||false&#8221; custom_padding=&#8221;10vw||10vw||true|false&#8221; global_colors_info=&#8221;{}&#8221;][et_pb_row _builder_version=&#8221;4.17.3&#8243; _module_preset=&#8221;default&#8221; global_colors_info=&#8221;{}&#8221;][et_pb_column type=&#8221;4_4&#8243; _builder_version=&#8221;4.16&#8243; _module_preset=&#8221;default&#8221; custom_padding=&#8221;|||&#8221; global_colors_info=&#8221;{}&#8221; custom_padding__hover=&#8221;|||&#8221;][et_pb_text _builder_version=&#8221;4.16&#8243; _module_preset=&#8221;default&#8221; text_font=&#8221;||||||||&#8221; header_font=&#8221;Rubik|700|||||||&#8221; header_font_size=&#8221;64px&#8221; header_line_height=&#8221;1.1em&#8221; background_layout=&#8221;dark&#8221; max_width=&#8221;800px&#8221; custom_margin=&#8221;||0px|&#8221; custom_padding=&#8221;|||16px&#8221; text_font_size_tablet=&#8221;14px&#8221; text_font_size_last_edited=&#8221;off|desktop&#8221; header_font_size_tablet=&#8221;44px&#8221; header_font_size_phone=&#8221;32px&#8221; header_font_size_last_edited=&#8221;on|phone&#8221; border_color_all=&#8221;#ffb400&#8243; border_width_left=&#8221;10px&#8221; global_colors_info=&#8221;{}&#8221;]<\/p>\n<h1>Data protection<\/h1>\n<p>[\/et_pb_text][\/et_pb_column][\/et_pb_row][\/et_pb_section][et_pb_section fb_built=&#8221;1&#8243; admin_label=&#8221;About&#8221; _builder_version=&#8221;4.16&#8243; _module_preset=&#8221;default&#8221; global_colors_info=&#8221;{}&#8221;][et_pb_row _builder_version=&#8221;4.17.4&#8243; _module_preset=&#8221;default&#8221; global_colors_info=&#8221;{}&#8221;][et_pb_column type=&#8221;4_4&#8243; _builder_version=&#8221;4.16&#8243; _module_preset=&#8221;default&#8221; custom_padding=&#8221;|||&#8221; global_colors_info=&#8221;{}&#8221; custom_padding__hover=&#8221;|||&#8221;][et_pb_text _builder_version=&#8221;4.17.4&#8243; _module_preset=&#8221;default&#8221; text_font=&#8221;Rubik||||||||&#8221; text_font_size=&#8221;15px&#8221; text_line_height=&#8221;1.8em&#8221; custom_padding=&#8221;|||&#8221; custom_padding_tablet=&#8221;|40px||40px||true&#8221; custom_padding_last_edited=&#8221;off|desktop&#8221; global_colors_info=&#8221;{}&#8221;]<\/p>\n<h1><span style=\"color: #000000;\">Privacy agreements<\/span><\/h1>\n<p><span style=\"color: #000000;\">In this data protection declaration we inform you about the processing of your personal data.<\/span> <span style=\"color: #000000;\">If you want to change your privacy settings (give consent or revoke consent already given), click <span style=\"text-decoration: underline;\"><a href=\"https:\/\/murati-servicetechniker.ch\/datenschutzerklaerung\" style=\"color: #000000; text-decoration: underline;\">here<\/a><\/span> to change your settings.<\/span><\/p>\n<p><span style=\"color: #000000;\"> <\/span><\/p>\n<h2><span style=\"color: #000000;\">Responsible<\/span><\/h2>\n<p><span style=\"color: #000000;\">Murati service technician heating, sanitary &amp; cleaning, Altbachstrasse 8, 8305 Dietlikon, CH, <a href=\"mailto:info@akademie-ds.com\" style=\"color: #000000;\">info@murati-servicetechniker.ch<\/a> , 0041 76 607 40 66.<\/span><\/p>\n<p><span style=\"color: #000000;\"> <\/span><\/p>\n<h2><span style=\"color: #000000;\">hosting<\/span><\/h2>\n<h3><span style=\"color: #000000;\">All-inkl.com<\/span><\/h3>\n<p><span style=\"color: #000000;\">We host our website with our <a target=\"_blank\" href=\"https:\/\/all-inkl.com\/\" rel=\"noopener\" style=\"color: #000000;\">processor All-inkl.com<\/a> , ALL-INKL.COM \u2013 Neue Medien M\u00fcnnich, Ren\u00e9 M\u00fcnnich, Hauptstra\u00dfe 68, 02742 Friedersdorf, Germany.<\/span><\/p>\n<p><span style=\"color: #000000;\">Connection data is processed for the purpose of providing and delivering the website. For the mere purpose of delivering and providing the website, the data will not be stored beyond the call.<\/span><\/p>\n<p><span style=\"color: #000000;\">The legal basis for the data processing is the legitimate interest (absolute technical necessity for the provision and delivery of the \u201cwebsite\u201d service you expressly requested when you called it up) in accordance with Art. 6 para. 1 lit. f GDPR.<\/span><\/p>\n<p><span style=\"color: #000000;\">To operate the website, the connection data and other personal data are also processed as part of various other functions or services. This is explained in detail in the context of this data protection declaration for the individual functions or services.<\/span><\/p>\n<p>&nbsp;<\/p>\n<h2><span style=\"color: #000000;\">contact form<\/span><\/h2>\n<p><span style=\"color: #000000;\">On our website it is possible to contact us directly using a contact form. After submitting the contact form, the personal data you have entered will be processed by the person responsible for the purpose of processing your request on the basis of the consent you have given by submitting the form in accordance with Art. Art. 6 para. 1 lit. a GDPR until further notice.<\/span><br \/><span style=\"color: #000000;\">There is no legal or contractual obligation to provide the personal data. The only consequence of not providing it is that you do not submit your request and we cannot process it.<\/span><\/p>\n<p><span style=\"color: #000000;\"> <\/span><\/p>\n<h2><span style=\"color: #000000;\">Right to object<\/span><\/h2>\n<p><span style=\"color: #000000;\">If the processing of your personal data is based on legitimate interest, you have the right to object to this processing.<\/span><\/p>\n<p><span style=\"color: #000000;\">If there are no compelling reasons worthy of protection for the processing on our part, the processing of your data will be discontinued on the basis of this legal basis.<\/span><\/p>\n<p><span style=\"color: #000000;\">You also have the right to object to the processing of your personal data for direct marketing purposes. In the event of an objection, your personal data will no longer be processed for the purpose of direct advertising.<\/span><\/p>\n<p><span style=\"color: #000000;\">The legality of the data processed until the objection is not affected by the objection.<\/span><\/p>\n<p><span style=\"color: #000000;\"> <\/span><\/p>\n<h2><span style=\"color: #000000;\">right of withdrawal<\/span><\/h2>\n<p><span style=\"color: #000000;\">You have the right to revoke consent that you have already given at any time by changing the <a target=\"_blank\" class=\"lwb-ppsp\" href=\"https:\/\/rodriguesconsulting.ch\/datenschutz\/\" title=\"Datenschutzeinstellungen\" rel=\"noopener\" style=\"color: #000000;\">data protection settings<\/a> .<\/span><\/p>\n<p><span style=\"color: #000000;\">If you consent to receiving electronic advertising, you can revoke your consent by clicking on the unsubscribe link. In this case, processing will be stopped unless there is another legal basis.<\/span><\/p>\n<p><span style=\"color: #000000;\">The legality of the data processed until the revocation is not affected by the revocation.<\/span><\/p>\n<p><span style=\"color: #000000;\"> <\/span><\/p>\n<h2><span style=\"color: #000000;\">data subject rights<\/span><\/h2>\n<p><span style=\"color: #000000;\">You also have the right to information, correction, deletion and restriction of the processing of personal data.<\/span><\/p>\n<p><span style=\"color: #000000;\">If the legal basis for the processing of your personal data is your consent or a contract concluded with you, you also have the right to data portability.<\/span><\/p>\n<p><span style=\"color: #000000;\">You also have the right to lodge a complaint with the supervisory authority. More information on the supervisory authorities in the European Union can be found <span style=\"text-decoration: underline;\"><a target=\"_blank\" href=\"https:\/\/ec.europa.eu\/justice\/article-29\/structure\/data-protection-authorities\/index_en.htm\" title=\"Datenschutzbeh\u00f6rden\" rel=\"noopener\" style=\"color: #000000; text-decoration: underline;\">here<\/a><\/span> .<\/span><\/p>\n<p>[\/et_pb_text][\/et_pb_column][\/et_pb_row][et_pb_row _builder_version=&#8221;4.17.3&#8243; _module_preset=&#8221;default&#8221; global_colors_info=&#8221;{}&#8221;][et_pb_column type=&#8221;4_4&#8243; _builder_version=&#8221;4.17.3&#8243; _module_preset=&#8221;default&#8221; global_colors_info=&#8221;{}&#8221;][et_pb_button button_url=&#8221;https:\/\/murati-servicetechniker.ch\/&#8221; button_text=&#8221;Back to home&#8221; _builder_version=&#8221;4.17.4&#8243; _module_preset=&#8221;default&#8221; custom_button=&#8221;on&#8221; button_text_size=&#8221;14px&#8221; button_bg_color=&#8221;#ffb400&#8243; button_border_width=&#8221;12px&#8221; button_border_color=&#8221;#ffb400&#8243; button_border_radius=&#8221;0px&#8221; button_letter_spacing=&#8221;4px&#8221; button_font=&#8221;Rubik|700||on|||||&#8221; button_icon=&#8221;&#x24;||divi||400&#8243; background_layout=&#8221;dark&#8221; custom_margin=&#8221;|||&#8221; hover_enabled=&#8221;0&#8243; global_colors_info=&#8221;{}&#8221; button_text_size__hover_enabled=&#8221;off&#8221; button_one_text_size__hover_enabled=&#8221;off&#8221; button_two_text_size__hover_enabled=&#8221;off&#8221; button_text_color__hover_enabled=&#8221;off&#8221; button_one_text_color__hover_enabled=&#8221;off&#8221; button_two_text_color__hover_enabled=&#8221;off&#8221; button_border_width__hover_enabled=&#8221;off&#8221; button_one_border_width__hover_enabled=&#8221;off&#8221; button_two_border_width__hover_enabled=&#8221;off&#8221; button_border_color__hover_enabled=&#8221;off&#8221; button_one_border_color__hover_enabled=&#8221;off&#8221; button_two_border_color__hover_enabled=&#8221;off&#8221; button_border_radius__hover_enabled=&#8221;off&#8221; button_one_border_radius__hover_enabled=&#8221;off&#8221; button_two_border_radius__hover_enabled=&#8221;off&#8221; button_letter_spacing__hover_enabled=&#8221;off&#8221; button_one_letter_spacing__hover_enabled=&#8221;off&#8221; button_two_letter_spacing__hover_enabled=&#8221;off&#8221; button_bg_color__hover_enabled=&#8221;off&#8221; button_one_bg_color__hover_enabled=&#8221;off&#8221; button_two_bg_color__hover_enabled=&#8221;off&#8221; sticky_enabled=&#8221;0&#8243;][\/et_pb_button][\/et_pb_column][\/et_pb_row][\/et_pb_section]<\/p>\n","protected":false},"excerpt":{"rendered":"<p>Data protectionPrivacy agreements In this data protection declaration we inform you about the processing of your personal data. If you want to change your privacy settings (give consent or revoke consent already given), click here to change your settings. Responsible Murati service technician heating, sanitary &amp; cleaning, Altbachstrasse 8, 8305 Dietlikon, CH, info@murati-servicetechniker.ch , 0041 [&hellip;]<\/p>\n","protected":false},"author":1,"featured_media":0,"parent":0,"menu_order":0,"comment_status":"closed","ping_status":"closed","template":"","meta":{"_et_pb_use_builder":"on","_et_pb_old_content":"","_et_gb_content_width":"","footnotes":""},"class_list":["post-460","page","type-page","status-publish","hentry"],"yoast_head":"<!-- This site is optimized with the Yoast SEO plugin v19.6.1 - https:\/\/yoast.com\/wordpress\/plugins\/seo\/ -->\n<title>Data protection - Murati Servicetechniker<\/title>\n<meta name=\"robots\" content=\"index, follow, max-snippet:-1, max-image-preview:large, max-video-preview:-1\" \/>\n<link rel=\"canonical\" href=\"https:\/\/murati-servicetechniker.ch\/en\/data-protection\/\" \/>\n<meta property=\"og:locale\" content=\"en_US\" \/>\n<meta property=\"og:type\" content=\"article\" \/>\n<meta property=\"og:title\" content=\"Data protection - Murati Servicetechniker\" \/>\n<meta property=\"og:description\" content=\"Data protectionPrivacy agreements In this data protection declaration we inform you about the processing of your personal data. If you want to change your privacy settings (give consent or revoke consent already given), click here to change your settings. Responsible Murati service technician heating, sanitary &amp; cleaning, Altbachstrasse 8, 8305 Dietlikon, CH, info@murati-servicetechniker.ch , 0041 [&hellip;]\" \/>\n<meta property=\"og:url\" content=\"https:\/\/murati-servicetechniker.ch\/en\/data-protection\/\" \/>\n<meta property=\"og:site_name\" content=\"Murati Servicetechniker\" \/>\n<meta property=\"article:modified_time\" content=\"2022-06-28T15:35:50+00:00\" \/>\n<meta name=\"twitter:card\" content=\"summary_large_image\" \/>\n<meta name=\"twitter:label1\" content=\"Est. reading time\" \/>\n\t<meta name=\"twitter:data1\" content=\"5 minutes\" \/>\n<script type=\"application\/ld+json\" class=\"yoast-schema-graph\">{\"@context\":\"https:\/\/schema.org\",\"@graph\":[{\"@type\":\"WebPage\",\"@id\":\"https:\/\/murati-servicetechniker.ch\/en\/data-protection\/\",\"url\":\"https:\/\/murati-servicetechniker.ch\/en\/data-protection\/\",\"name\":\"Data protection - Murati Servicetechniker\",\"isPartOf\":{\"@id\":\"https:\/\/murati-servicetechniker.ch\/en\/#website\"},\"datePublished\":\"2022-05-13T09:56:13+00:00\",\"dateModified\":\"2022-06-28T15:35:50+00:00\",\"breadcrumb\":{\"@id\":\"https:\/\/murati-servicetechniker.ch\/en\/data-protection\/#breadcrumb\"},\"inLanguage\":\"en-US\",\"potentialAction\":[{\"@type\":\"ReadAction\",\"target\":[\"https:\/\/murati-servicetechniker.ch\/en\/data-protection\/\"]}]},{\"@type\":\"BreadcrumbList\",\"@id\":\"https:\/\/murati-servicetechniker.ch\/en\/data-protection\/#breadcrumb\",\"itemListElement\":[{\"@type\":\"ListItem\",\"position\":1,\"name\":\"Startseite\",\"item\":\"https:\/\/murati-servicetechniker.ch\/en\/\"},{\"@type\":\"ListItem\",\"position\":2,\"name\":\"Data protection\"}]},{\"@type\":\"WebSite\",\"@id\":\"https:\/\/murati-servicetechniker.ch\/en\/#website\",\"url\":\"https:\/\/murati-servicetechniker.ch\/en\/\",\"name\":\"Murati Servicetechniker\",\"description\":\"\",\"potentialAction\":[{\"@type\":\"SearchAction\",\"target\":{\"@type\":\"EntryPoint\",\"urlTemplate\":\"https:\/\/murati-servicetechniker.ch\/en\/?s={search_term_string}\"},\"query-input\":\"required name=search_term_string\"}],\"inLanguage\":\"en-US\"}]}<\/script>\n<!-- \/ Yoast SEO plugin. -->","yoast_head_json":{"title":"Data protection - Murati Servicetechniker","robots":{"index":"index","follow":"follow","max-snippet":"max-snippet:-1","max-image-preview":"max-image-preview:large","max-video-preview":"max-video-preview:-1"},"canonical":"https:\/\/murati-servicetechniker.ch\/en\/data-protection\/","og_locale":"en_US","og_type":"article","og_title":"Data protection - Murati Servicetechniker","og_description":"Data protectionPrivacy agreements In this data protection declaration we inform you about the processing of your personal data. If you want to change your privacy settings (give consent or revoke consent already given), click here to change your settings. Responsible Murati service technician heating, sanitary &amp; cleaning, Altbachstrasse 8, 8305 Dietlikon, CH, info@murati-servicetechniker.ch , 0041 [&hellip;]","og_url":"https:\/\/murati-servicetechniker.ch\/en\/data-protection\/","og_site_name":"Murati Servicetechniker","article_modified_time":"2022-06-28T15:35:50+00:00","twitter_card":"summary_large_image","twitter_misc":{"Est. reading time":"5 minutes"},"schema":{"@context":"https:\/\/schema.org","@graph":[{"@type":"WebPage","@id":"https:\/\/murati-servicetechniker.ch\/en\/data-protection\/","url":"https:\/\/murati-servicetechniker.ch\/en\/data-protection\/","name":"Data protection - Murati Servicetechniker","isPartOf":{"@id":"https:\/\/murati-servicetechniker.ch\/en\/#website"},"datePublished":"2022-05-13T09:56:13+00:00","dateModified":"2022-06-28T15:35:50+00:00","breadcrumb":{"@id":"https:\/\/murati-servicetechniker.ch\/en\/data-protection\/#breadcrumb"},"inLanguage":"en-US","potentialAction":[{"@type":"ReadAction","target":["https:\/\/murati-servicetechniker.ch\/en\/data-protection\/"]}]},{"@type":"BreadcrumbList","@id":"https:\/\/murati-servicetechniker.ch\/en\/data-protection\/#breadcrumb","itemListElement":[{"@type":"ListItem","position":1,"name":"Startseite","item":"https:\/\/murati-servicetechniker.ch\/en\/"},{"@type":"ListItem","position":2,"name":"Data protection"}]},{"@type":"WebSite","@id":"https:\/\/murati-servicetechniker.ch\/en\/#website","url":"https:\/\/murati-servicetechniker.ch\/en\/","name":"Murati Servicetechniker","description":"","potentialAction":[{"@type":"SearchAction","target":{"@type":"EntryPoint","urlTemplate":"https:\/\/murati-servicetechniker.ch\/en\/?s={search_term_string}"},"query-input":"required name=search_term_string"}],"inLanguage":"en-US"}]}},"_links":{"self":[{"href":"https:\/\/murati-servicetechniker.ch\/en\/wp-json\/wp\/v2\/pages\/460","targetHints":{"allow":["GET"]}}],"collection":[{"href":"https:\/\/murati-servicetechniker.ch\/en\/wp-json\/wp\/v2\/pages"}],"about":[{"href":"https:\/\/murati-servicetechniker.ch\/en\/wp-json\/wp\/v2\/types\/page"}],"author":[{"embeddable":true,"href":"https:\/\/murati-servicetechniker.ch\/en\/wp-json\/wp\/v2\/users\/1"}],"replies":[{"embeddable":true,"href":"https:\/\/murati-servicetechniker.ch\/en\/wp-json\/wp\/v2\/comments?post=460"}],"version-history":[{"count":10,"href":"https:\/\/murati-servicetechniker.ch\/en\/wp-json\/wp\/v2\/pages\/460\/revisions"}],"predecessor-version":[{"id":865,"href":"https:\/\/murati-servicetechniker.ch\/en\/wp-json\/wp\/v2\/pages\/460\/revisions\/865"}],"wp:attachment":[{"href":"https:\/\/murati-servicetechniker.ch\/en\/wp-json\/wp\/v2\/media?parent=460"}],"curies":[{"name":"wp","href":"https:\/\/api.w.org\/{rel}","templated":true}]}}