{"id":447,"date":"2022-05-13T11:48:49","date_gmt":"2022-05-13T09:48:49","guid":{"rendered":"https:\/\/murati-servicetechniker.ch\/impronta\/"},"modified":"2024-05-10T17:18:18","modified_gmt":"2024-05-10T15:18:18","slug":"impronta","status":"publish","type":"page","link":"https:\/\/murati-servicetechniker.ch\/it\/impronta\/","title":{"rendered":"impronta"},"content":{"rendered":"<p>[et_pb_section fb_built=&#8221;1&#8243; admin_label=&#8221;Hero&#8221; _builder_version=&#8221;4.17.4&#8243; _module_preset=&#8221;default&#8221; use_background_color_gradient=&#8221;on&#8221; background_color_gradient_type=&#8221;circular&#8221; background_color_gradient_direction_radial=&#8221;top left&#8221; background_color_gradient_stops=&#8221;rgba(40,40,40,0.79) 0%|rgba(40,40,40,0.86) 100%&#8221; background_color_gradient_overlays_image=&#8221;on&#8221; background_color_gradient_start=&#8221;rgba(40,40,40,0.79)&#8221; background_color_gradient_end=&#8221;rgba(40,40,40,0.86)&#8221; background_image=&#8221;http:\/\/murati-servicetechniker.ch\/wp-content\/uploads\/2022\/06\/Rechtliches-Murati-1.png&#8221; custom_margin=&#8221;||||false&#8221; custom_padding=&#8221;10vw||10vw||true|false&#8221; hover_enabled=&#8221;0&#8243; global_colors_info=&#8221;{}&#8221; title_text=&#8221;Rechtliches Murati (1)&#8221; sticky_enabled=&#8221;0&#8243;][et_pb_row _builder_version=&#8221;4.17.3&#8243; _module_preset=&#8221;default&#8221; global_colors_info=&#8221;{}&#8221;][et_pb_column type=&#8221;4_4&#8243; _builder_version=&#8221;4.16&#8243; _module_preset=&#8221;default&#8221; custom_padding=&#8221;|||&#8221; global_colors_info=&#8221;{}&#8221; custom_padding__hover=&#8221;|||&#8221;][et_pb_text _builder_version=&#8221;4.16&#8243; _module_preset=&#8221;default&#8221; text_font=&#8221;||||||||&#8221; header_font=&#8221;Rubik|700|||||||&#8221; header_font_size=&#8221;64px&#8221; header_line_height=&#8221;1.1em&#8221; background_layout=&#8221;dark&#8221; max_width=&#8221;800px&#8221; custom_margin=&#8221;||0px|&#8221; custom_padding=&#8221;|||16px&#8221; text_font_size_tablet=&#8221;14px&#8221; text_font_size_last_edited=&#8221;off|desktop&#8221; header_font_size_tablet=&#8221;44px&#8221; header_font_size_phone=&#8221;32px&#8221; header_font_size_last_edited=&#8221;on|phone&#8221; border_color_all=&#8221;#ffb400&#8243; border_width_left=&#8221;10px&#8221; global_colors_info=&#8221;{}&#8221;]<\/p>\n<h1>Impronta<\/h1>\n<p>[\/et_pb_text][\/et_pb_column][\/et_pb_row][\/et_pb_section][et_pb_section fb_built=&#8221;1&#8243; admin_label=&#8221;About&#8221; _builder_version=&#8221;4.16&#8243; _module_preset=&#8221;default&#8221; global_colors_info=&#8221;{}&#8221;][et_pb_row _builder_version=&#8221;4.17.4&#8243; _module_preset=&#8221;default&#8221; global_colors_info=&#8221;{}&#8221;][et_pb_column type=&#8221;4_4&#8243; _builder_version=&#8221;4.16&#8243; _module_preset=&#8221;default&#8221; custom_padding=&#8221;|||&#8221; global_colors_info=&#8221;{}&#8221; custom_padding__hover=&#8221;|||&#8221;][et_pb_text _builder_version=&#8221;4.17.4&#8243; _module_preset=&#8221;default&#8221; text_font=&#8221;Rubik||||||||&#8221; text_font_size=&#8221;15px&#8221; text_line_height=&#8221;1.8em&#8221; custom_padding=&#8221;|||&#8221; custom_padding_tablet=&#8221;|40px||40px||true&#8221; custom_padding_last_edited=&#8221;off|desktop&#8221; global_colors_info=&#8221;{}&#8221;]<\/p>\n<h1><span style=\"color: #000000;\">Impronta<\/span><\/h1>\n<p><span style=\"color: #000000;\"><\/span><\/p>\n<h2><span style=\"color: #000000;\">Secondo \u00a7 5 TMG:<\/span><\/h2>\n<p><span style=\"color: #000000;\">Murati tecnico dell&#8217;assistenza riscaldamento, idraulica e pulizia<\/span><br \/><span style=\"color: #000000;\">Altbachstra\u00dfe 8<\/span><br \/><span style=\"color: #000000;\">8305 Dietlikon<\/span><br \/><span style=\"color: #000000;\">Svizzera<\/span><\/p>\n<p><span style=\"color: #000000;\">Amministratore Delegato: Murati Ilzim<\/span><br \/><span style=\"color: #000000;\">Registro delle Imprese: Ufficio del Registro delle Imprese del Canton Zurigo<\/span><br \/><span style=\"color: #000000;\">Codice Fiscale: CHE-404.884.932<\/span><\/p>\n<h2><span style=\"color: #000000;\">Contatto:<\/span><\/h2>\n<table>\n<tbody>\n<tr>\n<td><span style=\"color: #000000;\">Telefono:<\/span><\/td>\n<td><span style=\"color: #000000;\">0041 76 607 40 66<\/span><\/td>\n<\/tr>\n<tr>\n<td><span style=\"color: #000000;\">E-mail:<\/span><\/td>\n<td><span style=\"color: #000000;\">info@murati-servicetechniker.ch<\/span><\/td>\n<\/tr>\n<\/tbody>\n<\/table>\n<h2><span style=\"color: #000000;\"><\/span><\/h2>\n<h2><span style=\"color: #000000;\">Responsabilit\u00e0 per il contenuto<\/span><\/h2>\n<p><span style=\"color: #000000;\">Come fornitore di servizi siamo secondo \u00a7 7 Abs.1 TMG \u00e8 responsabile dei propri contenuti su queste pagine secondo le leggi generali. Ai sensi dei \u00a7\u00a7 da 8 a 10 TMG, tuttavia, noi come fornitori di servizi non siamo obbligati a monitorare le informazioni di terze parti trasmesse o memorizzate o a indagare su circostanze che indicano attivit\u00e0 illegali.<\/span><\/p>\n<p><span style=\"color: #000000;\">Gli obblighi di rimuovere o bloccare l&#8217;uso delle informazioni secondo le leggi generali rimangono inalterati. Tuttavia, la responsabilit\u00e0 al riguardo \u00e8 possibile solo dal momento in cui \u00e8 nota la conoscenza di una specifica violazione della legge. Non appena veniamo a conoscenza di eventuali violazioni della legge, rimuoveremo immediatamente questo contenuto.<\/span><\/p>\n<h2><span style=\"color: #000000;\">Responsabilit\u00e0 per link<\/span><\/h2>\n<p><span style=\"color: #000000;\">La nostra offerta contiene collegamenti a siti Web di terzi esterni, sui cui contenuti non abbiamo alcuna influenza. Pertanto non possiamo assumerci alcuna responsabilit\u00e0 per questo contenuto esterno. Il rispettivo fornitore o gestore delle pagine \u00e8 sempre responsabile del contenuto delle pagine collegate. Le pagine collegate sono state controllate per possibili violazioni legali al momento del collegamento. Il contenuto illegale non era riconoscibile al momento del collegamento.<\/span><\/p>\n<p><span style=\"color: #000000;\">Tuttavia, un controllo permanente del contenuto delle pagine collegate non \u00e8 ragionevole senza prove concrete di una violazione. Non appena veniamo a conoscenza di violazioni legali, rimuoveremo immediatamente tali collegamenti.<\/span><\/p>\n<h2><span style=\"color: #000000;\">Diritto d&#8217;autore<\/span><\/h2>\n<p><span style=\"color: #000000;\">Il contenuto e le opere di queste pagine create dagli operatori del sito sono soggetti alla legge tedesca sul diritto d&#8217;autore. La duplicazione, la modifica, la distribuzione e qualsiasi tipo di sfruttamento al di fuori dei limiti del diritto d&#8217;autore richiedono il consenso scritto del rispettivo autore o creatore. Download e copie di questo sito sono consentiti solo per uso privato e non commerciale.<\/span><\/p>\n<p><span style=\"color: #000000;\">Nella misura in cui il contenuto di questo sito non \u00e8 stato creato dal gestore, vengono rispettati i diritti d&#8217;autore di terzi. In particolare i contenuti di terzi sono contrassegnati come tali. Qualora doveste comunque venire a conoscenza di una violazione del diritto d&#8217;autore, vi chiediamo di informarci di conseguenza. Non appena veniamo a conoscenza di violazioni legali, rimuoveremo immediatamente tali contenuti.<\/span><\/p>\n<p><span style=\"color: #000000;\">Fonte: <a href=\"https:\/\/www.e-recht24.de\/\" style=\"color: #000000;\">https:\/\/www.e-recht24.de<\/a><\/span><\/p>\n<p>[\/et_pb_text][\/et_pb_column][\/et_pb_row][et_pb_row _builder_version=&#8221;4.17.3&#8243; _module_preset=&#8221;default&#8221; global_colors_info=&#8221;{}&#8221;][et_pb_column type=&#8221;4_4&#8243; _builder_version=&#8221;4.17.3&#8243; _module_preset=&#8221;default&#8221; global_colors_info=&#8221;{}&#8221;][et_pb_button button_url=&#8221;https:\/\/murati-servicetechniker.ch\/it\/&#8221; button_text=&#8221;Tornare a casa&#8221; _builder_version=&#8221;4.17.3&#8243; _module_preset=&#8221;default&#8221; custom_button=&#8221;on&#8221; button_text_size=&#8221;14px&#8221; button_bg_color=&#8221;#ffb400&#8243; button_border_width=&#8221;12px&#8221; button_border_color=&#8221;#ffb400&#8243; button_border_radius=&#8221;0px&#8221; button_letter_spacing=&#8221;4px&#8221; button_font=&#8221;Rubik|700||on|||||&#8221; button_icon=&#8221;&#x24;||divi||400&#8243; background_layout=&#8221;dark&#8221; custom_margin=&#8221;|||&#8221; global_colors_info=&#8221;{}&#8221; button_text_size__hover_enabled=&#8221;off&#8221; button_one_text_size__hover_enabled=&#8221;off&#8221; button_two_text_size__hover_enabled=&#8221;off&#8221; button_text_color__hover_enabled=&#8221;off&#8221; button_one_text_color__hover_enabled=&#8221;off&#8221; button_two_text_color__hover_enabled=&#8221;off&#8221; button_border_width__hover_enabled=&#8221;off&#8221; button_one_border_width__hover_enabled=&#8221;off&#8221; button_two_border_width__hover_enabled=&#8221;off&#8221; button_border_color__hover_enabled=&#8221;off&#8221; button_one_border_color__hover_enabled=&#8221;off&#8221; button_two_border_color__hover_enabled=&#8221;off&#8221; button_border_radius__hover_enabled=&#8221;off&#8221; button_one_border_radius__hover_enabled=&#8221;off&#8221; button_two_border_radius__hover_enabled=&#8221;off&#8221; button_letter_spacing__hover_enabled=&#8221;off&#8221; button_one_letter_spacing__hover_enabled=&#8221;off&#8221; button_two_letter_spacing__hover_enabled=&#8221;off&#8221; button_bg_color__hover_enabled=&#8221;off&#8221; button_one_bg_color__hover_enabled=&#8221;off&#8221; button_two_bg_color__hover_enabled=&#8221;off&#8221;][\/et_pb_button][\/et_pb_column][\/et_pb_row][\/et_pb_section]<\/p>\n","protected":false},"excerpt":{"rendered":"<p>ImprontaImpronta Secondo \u00a7 5 TMG: Murati tecnico dell&#8217;assistenza riscaldamento, idraulica e puliziaAltbachstra\u00dfe 88305 DietlikonSvizzera Amministratore Delegato: Murati IlzimRegistro delle Imprese: Ufficio del Registro delle Imprese del Canton ZurigoCodice Fiscale: CHE-404.884.932 Contatto: Telefono: 0041 76 607 40 66 E-mail: info@murati-servicetechniker.ch Responsabilit\u00e0 per il contenuto Come fornitore di servizi siamo secondo \u00a7 7 Abs.1 TMG \u00e8 responsabile [&hellip;]<\/p>\n","protected":false},"author":1,"featured_media":0,"parent":0,"menu_order":0,"comment_status":"closed","ping_status":"closed","template":"","meta":{"_et_pb_use_builder":"on","_et_pb_old_content":"","_et_gb_content_width":"","footnotes":""},"class_list":["post-447","page","type-page","status-publish","hentry"],"yoast_head":"<!-- This site is optimized with the Yoast SEO plugin v19.6.1 - https:\/\/yoast.com\/wordpress\/plugins\/seo\/ -->\n<title>impronta - Murati Servicetechniker<\/title>\n<meta name=\"robots\" content=\"index, follow, max-snippet:-1, max-image-preview:large, max-video-preview:-1\" \/>\n<link rel=\"canonical\" href=\"https:\/\/murati-servicetechniker.ch\/it\/impronta\/\" \/>\n<meta property=\"og:locale\" content=\"it_IT\" \/>\n<meta property=\"og:type\" content=\"article\" \/>\n<meta property=\"og:title\" content=\"impronta - Murati Servicetechniker\" \/>\n<meta property=\"og:description\" content=\"ImprontaImpronta Secondo \u00a7 5 TMG: Murati tecnico dell&#039;assistenza riscaldamento, idraulica e puliziaAltbachstra\u00dfe 88305 DietlikonSvizzera Amministratore Delegato: Murati IlzimRegistro delle Imprese: Ufficio del Registro delle Imprese del Canton ZurigoCodice Fiscale: CHE-404.884.932 Contatto: Telefono: 0041 76 607 40 66 E-mail: info@murati-servicetechniker.ch Responsabilit\u00e0 per il contenuto Come fornitore di servizi siamo secondo \u00a7 7 Abs.1 TMG \u00e8 responsabile [&hellip;]\" \/>\n<meta property=\"og:url\" content=\"https:\/\/murati-servicetechniker.ch\/it\/impronta\/\" \/>\n<meta property=\"og:site_name\" content=\"Murati Servicetechniker\" \/>\n<meta property=\"article:modified_time\" content=\"2024-05-10T15:18:18+00:00\" \/>\n<meta name=\"twitter:card\" content=\"summary_large_image\" \/>\n<meta name=\"twitter:label1\" content=\"Tempo di lettura stimato\" \/>\n\t<meta name=\"twitter:data1\" content=\"4 minuti\" \/>\n<script type=\"application\/ld+json\" class=\"yoast-schema-graph\">{\"@context\":\"https:\/\/schema.org\",\"@graph\":[{\"@type\":\"WebPage\",\"@id\":\"https:\/\/murati-servicetechniker.ch\/it\/impronta\/\",\"url\":\"https:\/\/murati-servicetechniker.ch\/it\/impronta\/\",\"name\":\"impronta - Murati Servicetechniker\",\"isPartOf\":{\"@id\":\"https:\/\/murati-servicetechniker.ch\/it\/#website\"},\"datePublished\":\"2022-05-13T09:48:49+00:00\",\"dateModified\":\"2024-05-10T15:18:18+00:00\",\"breadcrumb\":{\"@id\":\"https:\/\/murati-servicetechniker.ch\/it\/impronta\/#breadcrumb\"},\"inLanguage\":\"it-IT\",\"potentialAction\":[{\"@type\":\"ReadAction\",\"target\":[\"https:\/\/murati-servicetechniker.ch\/it\/impronta\/\"]}]},{\"@type\":\"BreadcrumbList\",\"@id\":\"https:\/\/murati-servicetechniker.ch\/it\/impronta\/#breadcrumb\",\"itemListElement\":[{\"@type\":\"ListItem\",\"position\":1,\"name\":\"Startseite\",\"item\":\"https:\/\/murati-servicetechniker.ch\/it\/\"},{\"@type\":\"ListItem\",\"position\":2,\"name\":\"impronta\"}]},{\"@type\":\"WebSite\",\"@id\":\"https:\/\/murati-servicetechniker.ch\/it\/#website\",\"url\":\"https:\/\/murati-servicetechniker.ch\/it\/\",\"name\":\"Murati Servicetechniker\",\"description\":\"\",\"potentialAction\":[{\"@type\":\"SearchAction\",\"target\":{\"@type\":\"EntryPoint\",\"urlTemplate\":\"https:\/\/murati-servicetechniker.ch\/it\/?s={search_term_string}\"},\"query-input\":\"required name=search_term_string\"}],\"inLanguage\":\"it-IT\"}]}<\/script>\n<!-- \/ Yoast SEO plugin. -->","yoast_head_json":{"title":"impronta - Murati Servicetechniker","robots":{"index":"index","follow":"follow","max-snippet":"max-snippet:-1","max-image-preview":"max-image-preview:large","max-video-preview":"max-video-preview:-1"},"canonical":"https:\/\/murati-servicetechniker.ch\/it\/impronta\/","og_locale":"it_IT","og_type":"article","og_title":"impronta - Murati Servicetechniker","og_description":"ImprontaImpronta Secondo \u00a7 5 TMG: Murati tecnico dell'assistenza riscaldamento, idraulica e puliziaAltbachstra\u00dfe 88305 DietlikonSvizzera Amministratore Delegato: Murati IlzimRegistro delle Imprese: Ufficio del Registro delle Imprese del Canton ZurigoCodice Fiscale: CHE-404.884.932 Contatto: Telefono: 0041 76 607 40 66 E-mail: info@murati-servicetechniker.ch Responsabilit\u00e0 per il contenuto Come fornitore di servizi siamo secondo \u00a7 7 Abs.1 TMG \u00e8 responsabile [&hellip;]","og_url":"https:\/\/murati-servicetechniker.ch\/it\/impronta\/","og_site_name":"Murati Servicetechniker","article_modified_time":"2024-05-10T15:18:18+00:00","twitter_card":"summary_large_image","twitter_misc":{"Tempo di lettura stimato":"4 minuti"},"schema":{"@context":"https:\/\/schema.org","@graph":[{"@type":"WebPage","@id":"https:\/\/murati-servicetechniker.ch\/it\/impronta\/","url":"https:\/\/murati-servicetechniker.ch\/it\/impronta\/","name":"impronta - Murati Servicetechniker","isPartOf":{"@id":"https:\/\/murati-servicetechniker.ch\/it\/#website"},"datePublished":"2022-05-13T09:48:49+00:00","dateModified":"2024-05-10T15:18:18+00:00","breadcrumb":{"@id":"https:\/\/murati-servicetechniker.ch\/it\/impronta\/#breadcrumb"},"inLanguage":"it-IT","potentialAction":[{"@type":"ReadAction","target":["https:\/\/murati-servicetechniker.ch\/it\/impronta\/"]}]},{"@type":"BreadcrumbList","@id":"https:\/\/murati-servicetechniker.ch\/it\/impronta\/#breadcrumb","itemListElement":[{"@type":"ListItem","position":1,"name":"Startseite","item":"https:\/\/murati-servicetechniker.ch\/it\/"},{"@type":"ListItem","position":2,"name":"impronta"}]},{"@type":"WebSite","@id":"https:\/\/murati-servicetechniker.ch\/it\/#website","url":"https:\/\/murati-servicetechniker.ch\/it\/","name":"Murati Servicetechniker","description":"","potentialAction":[{"@type":"SearchAction","target":{"@type":"EntryPoint","urlTemplate":"https:\/\/murati-servicetechniker.ch\/it\/?s={search_term_string}"},"query-input":"required name=search_term_string"}],"inLanguage":"it-IT"}]}},"_links":{"self":[{"href":"https:\/\/murati-servicetechniker.ch\/it\/wp-json\/wp\/v2\/pages\/447","targetHints":{"allow":["GET"]}}],"collection":[{"href":"https:\/\/murati-servicetechniker.ch\/it\/wp-json\/wp\/v2\/pages"}],"about":[{"href":"https:\/\/murati-servicetechniker.ch\/it\/wp-json\/wp\/v2\/types\/page"}],"author":[{"embeddable":true,"href":"https:\/\/murati-servicetechniker.ch\/it\/wp-json\/wp\/v2\/users\/1"}],"replies":[{"embeddable":true,"href":"https:\/\/murati-servicetechniker.ch\/it\/wp-json\/wp\/v2\/comments?post=447"}],"version-history":[{"count":7,"href":"https:\/\/murati-servicetechniker.ch\/it\/wp-json\/wp\/v2\/pages\/447\/revisions"}],"predecessor-version":[{"id":862,"href":"https:\/\/murati-servicetechniker.ch\/it\/wp-json\/wp\/v2\/pages\/447\/revisions\/862"}],"wp:attachment":[{"href":"https:\/\/murati-servicetechniker.ch\/it\/wp-json\/wp\/v2\/media?parent=447"}],"curies":[{"name":"wp","href":"https:\/\/api.w.org\/{rel}","templated":true}]}}