{"id":457,"date":"2022-05-13T11:56:13","date_gmt":"2022-05-13T09:56:13","guid":{"rendered":"https:\/\/murati-servicetechniker.ch\/protezione-dati\/"},"modified":"2022-06-28T17:35:25","modified_gmt":"2022-06-28T15:35:25","slug":"protezione-dati","status":"publish","type":"page","link":"https:\/\/murati-servicetechniker.ch\/it\/protezione-dati\/","title":{"rendered":"Protezione dati"},"content":{"rendered":"<p>[et_pb_section fb_built=&#8221;1&#8243; admin_label=&#8221;Hero&#8221; _builder_version=&#8221;4.17.4&#8243; _module_preset=&#8221;default&#8221; use_background_color_gradient=&#8221;on&#8221; background_color_gradient_type=&#8221;circular&#8221; background_color_gradient_direction_radial=&#8221;top left&#8221; background_color_gradient_stops=&#8221;rgba(40,40,40,0.79) 0%|rgba(40,40,40,0.86) 100%&#8221; background_color_gradient_overlays_image=&#8221;on&#8221; background_color_gradient_start=&#8221;rgba(40,40,40,0.79)&#8221; background_color_gradient_end=&#8221;rgba(40,40,40,0.86)&#8221; background_image=&#8221;http:\/\/murati-servicetechniker.ch\/wp-content\/uploads\/2022\/06\/Rechtliches-Murati-1.png&#8221; custom_margin=&#8221;||||false&#8221; custom_padding=&#8221;10vw||10vw||true|false&#8221; global_colors_info=&#8221;{}&#8221;][et_pb_row _builder_version=&#8221;4.17.3&#8243; _module_preset=&#8221;default&#8221; global_colors_info=&#8221;{}&#8221;][et_pb_column type=&#8221;4_4&#8243; _builder_version=&#8221;4.16&#8243; _module_preset=&#8221;default&#8221; custom_padding=&#8221;|||&#8221; global_colors_info=&#8221;{}&#8221; custom_padding__hover=&#8221;|||&#8221;][et_pb_text _builder_version=&#8221;4.16&#8243; _module_preset=&#8221;default&#8221; text_font=&#8221;||||||||&#8221; header_font=&#8221;Rubik|700|||||||&#8221; header_font_size=&#8221;64px&#8221; header_line_height=&#8221;1.1em&#8221; background_layout=&#8221;dark&#8221; max_width=&#8221;800px&#8221; custom_margin=&#8221;||0px|&#8221; custom_padding=&#8221;|||16px&#8221; text_font_size_tablet=&#8221;14px&#8221; text_font_size_last_edited=&#8221;off|desktop&#8221; header_font_size_tablet=&#8221;44px&#8221; header_font_size_phone=&#8221;32px&#8221; header_font_size_last_edited=&#8221;on|phone&#8221; border_color_all=&#8221;#ffb400&#8243; border_width_left=&#8221;10px&#8221; global_colors_info=&#8221;{}&#8221;]<\/p>\n<h1>Protezione dati<\/h1>\n<p>[\/et_pb_text][\/et_pb_column][\/et_pb_row][\/et_pb_section][et_pb_section fb_built=&#8221;1&#8243; admin_label=&#8221;About&#8221; _builder_version=&#8221;4.16&#8243; _module_preset=&#8221;default&#8221; global_colors_info=&#8221;{}&#8221;][et_pb_row _builder_version=&#8221;4.17.4&#8243; _module_preset=&#8221;default&#8221; global_colors_info=&#8221;{}&#8221;][et_pb_column type=&#8221;4_4&#8243; _builder_version=&#8221;4.16&#8243; _module_preset=&#8221;default&#8221; custom_padding=&#8221;|||&#8221; global_colors_info=&#8221;{}&#8221; custom_padding__hover=&#8221;|||&#8221;][et_pb_text _builder_version=&#8221;4.17.4&#8243; _module_preset=&#8221;default&#8221; text_font=&#8221;Rubik||||||||&#8221; text_font_size=&#8221;15px&#8221; text_line_height=&#8221;1.8em&#8221; custom_padding=&#8221;|||&#8221; custom_padding_tablet=&#8221;|40px||40px||true&#8221; custom_padding_last_edited=&#8221;off|desktop&#8221; global_colors_info=&#8221;{}&#8221;]<\/p>\n<h1><span style=\"color: #000000;\">Accordi sulla protezione dei dati<\/span><\/h1>\n<p><span style=\"color: #000000;\">In questa dichiarazione sulla protezione dei dati ti informiamo sul trattamento dei tuoi dati personali.<\/span> <span style=\"color: #000000;\">Se vuoi modificare le tue impostazioni sulla privacy (dare il consenso o revocare il consenso gi\u00e0 prestato), clicca <span style=\"text-decoration: underline;\"><a href=\"https:\/\/murati-servicetechniker.ch\/datenschutzerklaerung\" style=\"color: #000000; text-decoration: underline;\">qui<\/a><\/span> per modificare le tue impostazioni.<\/span><\/p>\n<p><span style=\"color: #000000;\"> <\/span><\/p>\n<h2><span style=\"color: #000000;\">Responsabile<\/span><\/h2>\n<p><span style=\"color: #000000;\">Murati tecnico dell&#8217;assistenza riscaldamento, sanitari e pulizie, Altbachstrasse 8, 8305 Dietlikon, CH, <a href=\"mailto:info@akademie-ds.com\" style=\"color: #000000;\">info@murati-servicetechniker.ch<\/a> , 0041 76 607 40 66.<\/span><\/p>\n<p><span style=\"color: #000000;\"> <\/span><\/p>\n<h2><span style=\"color: #000000;\">ospitando<\/span><\/h2>\n<h3><span style=\"color: #000000;\">All-inkl.com<\/span><\/h3>\n<p><span style=\"color: #000000;\">Ospitiamo il nostro sito Web con il nostro <a target=\"_blank\" href=\"https:\/\/all-inkl.com\/\" rel=\"noopener\" style=\"color: #000000;\">processore All-inkl.com<\/a> , ALL-INKL.COM \u2013 Neue Medien M\u00fcnnich, Ren\u00e9 M\u00fcnnich, Hauptstra\u00dfe 68, 02742 Friedersdorf, Germania.<\/span><\/p>\n<p><span style=\"color: #000000;\">I dati di connessione vengono elaborati allo scopo di fornire e fornire il sito web. Per la mera finalit\u00e0 di erogazione e messa a disposizione del sito web, i dati non verranno conservati oltre la chiamata.<\/span><\/p>\n<p><span style=\"color: #000000;\">La base giuridica del trattamento dei dati \u00e8 il legittimo interesse (necessit\u00e0 tecnica assoluta per l&#8217;erogazione e l&#8217;erogazione del servizio \u201csito web\u201d da Lei espressamente richiesto in sede di consultazione) ai sensi dell&#8217;art.6 cpv. 1 lit. f GDPR.<\/span><\/p>\n<p><span style=\"color: #000000;\">Per il funzionamento del sito web, i dati di connessione e altri dati personali sono trattati anche nell&#8217;ambito di diverse altre funzioni o servizi. Ci\u00f2 \u00e8 spiegato in dettaglio nel contesto della presente dichiarazione sulla protezione dei dati per le singole funzioni o servizi.<\/span><\/p>\n<p>&nbsp;<\/p>\n<h2><span style=\"color: #000000;\">Modulo di Contatto<\/span><\/h2>\n<p><span style=\"color: #000000;\">Sul nostro sito \u00e8 possibile contattarci direttamente utilizzando un modulo di contatto. A seguito dell&#8217;invio del form di contatto, i dati personali da Lei inseriti saranno trattati dal Responsabile per la finalit\u00e0 di evasione della Sua richiesta sulla base del consenso da Lei prestato con l&#8217;invio del form ai sensi dell&#8217;art. Art. 6 cpv. 1 lit. a GDPR fino a nuovo avviso.<\/span><br \/><span style=\"color: #000000;\">Non vi \u00e8 alcun obbligo legale o contrattuale di fornire i dati personali. L&#8217;unica conseguenza del mancato conferimento \u00e8 che non invii la tua richiesta e non possiamo evaderla.<\/span><\/p>\n<p><span style=\"color: #000000;\"> <\/span><\/p>\n<h2><span style=\"color: #000000;\">Diritto di opposizione<\/span><\/h2>\n<p><span style=\"color: #000000;\">Se il trattamento dei tuoi dati personali \u00e8 basato su un interesse legittimo, hai il diritto di opporti a tale trattamento.<\/span><\/p>\n<p><span style=\"color: #000000;\">Se non sussistono motivi legittimi convincenti per il trattamento da parte nostra, il trattamento dei tuoi dati sar\u00e0 interrotto sulla base di questa base giuridica.<\/span><\/p>\n<p><span style=\"color: #000000;\">Hai anche il diritto di opporti al trattamento dei tuoi dati personali per finalit\u00e0 di marketing diretto. In caso di opposizione, i tuoi dati personali non saranno pi\u00f9 trattati per finalit\u00e0 di pubblicit\u00e0 diretta.<\/span><\/p>\n<p><span style=\"color: #000000;\">La liceit\u00e0 dei dati trattati fino all&#8217;opposizione non \u00e8 pregiudicata dall&#8217;opposizione.<\/span><\/p>\n<p><span style=\"color: #000000;\"> <\/span><\/p>\n<h2><span style=\"color: #000000;\">diritto di recesso<\/span><\/h2>\n<p><span style=\"color: #000000;\">Hai il diritto di revocare in qualsiasi momento il consenso che hai gi\u00e0 prestato modificando le <a target=\"_blank\" class=\"lwb-ppsp\" href=\"https:\/\/rodriguesconsulting.ch\/datenschutz\/\" title=\"Datenschutzeinstellungen\" rel=\"noopener\" style=\"color: #000000;\">impostazioni di protezione dei dati<\/a> .<\/span><\/p>\n<p><span style=\"color: #000000;\">Se acconsenti a ricevere pubblicit\u00e0 elettronica, puoi revocare il tuo consenso facendo clic sul link di annullamento dell&#8217;iscrizione. In tal caso, il trattamento sar\u00e0 interrotto salvo che non sussista un&#8217;altra base giuridica.<\/span><\/p>\n<p><span style=\"color: #000000;\">La liceit\u00e0 dei dati trattati fino alla revoca non \u00e8 pregiudicata dalla revoca.<\/span><\/p>\n<p><span style=\"color: #000000;\"> <\/span><\/p>\n<h2><span style=\"color: #000000;\">diritti dell&#8217;interessato<\/span><\/h2>\n<p><span style=\"color: #000000;\">Hai anche il diritto all&#8217;informazione, alla correzione, alla cancellazione e alla limitazione del trattamento dei dati personali.<\/span><\/p>\n<p><span style=\"color: #000000;\">Se la base giuridica per il trattamento dei tuoi dati personali \u00e8 il tuo consenso o un contratto concluso con te, hai anche il diritto alla portabilit\u00e0 dei dati.<\/span><\/p>\n<p><span style=\"color: #000000;\">Hai anche il diritto di proporre reclamo all&#8217;autorit\u00e0 di controllo. Maggiori informazioni sulle autorit\u00e0 di vigilanza nell&#8217;Unione Europea sono disponibili <span style=\"text-decoration: underline;\"><a target=\"_blank\" href=\"https:\/\/ec.europa.eu\/justice\/article-29\/structure\/data-protection-authorities\/index_en.htm\" title=\"Datenschutzbeh\u00f6rden\" rel=\"noopener\" style=\"color: #000000; text-decoration: underline;\">qui<\/a><\/span> .<\/span><\/p>\n<p>[\/et_pb_text][\/et_pb_column][\/et_pb_row][et_pb_row _builder_version=&#8221;4.17.3&#8243; _module_preset=&#8221;default&#8221; global_colors_info=&#8221;{}&#8221;][et_pb_column type=&#8221;4_4&#8243; _builder_version=&#8221;4.17.3&#8243; _module_preset=&#8221;default&#8221; global_colors_info=&#8221;{}&#8221;][et_pb_button button_url=&#8221;https:\/\/murati-servicetechniker.ch\/&#8221; button_text=&#8221;Tornare a casa&#8221; _builder_version=&#8221;4.17.4&#8243; _module_preset=&#8221;default&#8221; custom_button=&#8221;on&#8221; button_text_size=&#8221;14px&#8221; button_bg_color=&#8221;#ffb400&#8243; button_border_width=&#8221;12px&#8221; button_border_color=&#8221;#ffb400&#8243; button_border_radius=&#8221;0px&#8221; button_letter_spacing=&#8221;4px&#8221; button_font=&#8221;Rubik|700||on|||||&#8221; button_icon=&#8221;&#x24;||divi||400&#8243; background_layout=&#8221;dark&#8221; custom_margin=&#8221;|||&#8221; hover_enabled=&#8221;0&#8243; global_colors_info=&#8221;{}&#8221; button_text_size__hover_enabled=&#8221;off&#8221; button_one_text_size__hover_enabled=&#8221;off&#8221; button_two_text_size__hover_enabled=&#8221;off&#8221; button_text_color__hover_enabled=&#8221;off&#8221; button_one_text_color__hover_enabled=&#8221;off&#8221; button_two_text_color__hover_enabled=&#8221;off&#8221; button_border_width__hover_enabled=&#8221;off&#8221; button_one_border_width__hover_enabled=&#8221;off&#8221; button_two_border_width__hover_enabled=&#8221;off&#8221; button_border_color__hover_enabled=&#8221;off&#8221; button_one_border_color__hover_enabled=&#8221;off&#8221; button_two_border_color__hover_enabled=&#8221;off&#8221; button_border_radius__hover_enabled=&#8221;off&#8221; button_one_border_radius__hover_enabled=&#8221;off&#8221; button_two_border_radius__hover_enabled=&#8221;off&#8221; button_letter_spacing__hover_enabled=&#8221;off&#8221; button_one_letter_spacing__hover_enabled=&#8221;off&#8221; button_two_letter_spacing__hover_enabled=&#8221;off&#8221; button_bg_color__hover_enabled=&#8221;off&#8221; button_one_bg_color__hover_enabled=&#8221;off&#8221; button_two_bg_color__hover_enabled=&#8221;off&#8221; sticky_enabled=&#8221;0&#8243;][\/et_pb_button][\/et_pb_column][\/et_pb_row][\/et_pb_section]<\/p>\n","protected":false},"excerpt":{"rendered":"<p>Protezione datiAccordi sulla protezione dei dati In questa dichiarazione sulla protezione dei dati ti informiamo sul trattamento dei tuoi dati personali. Se vuoi modificare le tue impostazioni sulla privacy (dare il consenso o revocare il consenso gi\u00e0 prestato), clicca qui per modificare le tue impostazioni. Responsabile Murati tecnico dell&#8217;assistenza riscaldamento, sanitari e pulizie, Altbachstrasse 8, [&hellip;]<\/p>\n","protected":false},"author":1,"featured_media":0,"parent":0,"menu_order":0,"comment_status":"closed","ping_status":"closed","template":"","meta":{"_et_pb_use_builder":"on","_et_pb_old_content":"","_et_gb_content_width":"","footnotes":""},"class_list":["post-457","page","type-page","status-publish","hentry"],"yoast_head":"<!-- This site is optimized with the Yoast SEO plugin v19.6.1 - https:\/\/yoast.com\/wordpress\/plugins\/seo\/ -->\n<title>Protezione dati - Murati Servicetechniker<\/title>\n<meta name=\"robots\" content=\"index, follow, max-snippet:-1, max-image-preview:large, max-video-preview:-1\" \/>\n<link rel=\"canonical\" href=\"https:\/\/murati-servicetechniker.ch\/it\/protezione-dati\/\" \/>\n<meta property=\"og:locale\" content=\"it_IT\" \/>\n<meta property=\"og:type\" content=\"article\" \/>\n<meta property=\"og:title\" content=\"Protezione dati - Murati Servicetechniker\" \/>\n<meta property=\"og:description\" content=\"Protezione datiAccordi sulla protezione dei dati In questa dichiarazione sulla protezione dei dati ti informiamo sul trattamento dei tuoi dati personali. Se vuoi modificare le tue impostazioni sulla privacy (dare il consenso o revocare il consenso gi\u00e0 prestato), clicca qui per modificare le tue impostazioni. Responsabile Murati tecnico dell&#039;assistenza riscaldamento, sanitari e pulizie, Altbachstrasse 8, [&hellip;]\" \/>\n<meta property=\"og:url\" content=\"https:\/\/murati-servicetechniker.ch\/it\/protezione-dati\/\" \/>\n<meta property=\"og:site_name\" content=\"Murati Servicetechniker\" \/>\n<meta property=\"article:modified_time\" content=\"2022-06-28T15:35:25+00:00\" \/>\n<meta name=\"twitter:card\" content=\"summary_large_image\" \/>\n<meta name=\"twitter:label1\" content=\"Tempo di lettura stimato\" \/>\n\t<meta name=\"twitter:data1\" content=\"5 minuti\" \/>\n<script type=\"application\/ld+json\" class=\"yoast-schema-graph\">{\"@context\":\"https:\/\/schema.org\",\"@graph\":[{\"@type\":\"WebPage\",\"@id\":\"https:\/\/murati-servicetechniker.ch\/it\/protezione-dati\/\",\"url\":\"https:\/\/murati-servicetechniker.ch\/it\/protezione-dati\/\",\"name\":\"Protezione dati - Murati Servicetechniker\",\"isPartOf\":{\"@id\":\"https:\/\/murati-servicetechniker.ch\/it\/#website\"},\"datePublished\":\"2022-05-13T09:56:13+00:00\",\"dateModified\":\"2022-06-28T15:35:25+00:00\",\"breadcrumb\":{\"@id\":\"https:\/\/murati-servicetechniker.ch\/it\/protezione-dati\/#breadcrumb\"},\"inLanguage\":\"it-IT\",\"potentialAction\":[{\"@type\":\"ReadAction\",\"target\":[\"https:\/\/murati-servicetechniker.ch\/it\/protezione-dati\/\"]}]},{\"@type\":\"BreadcrumbList\",\"@id\":\"https:\/\/murati-servicetechniker.ch\/it\/protezione-dati\/#breadcrumb\",\"itemListElement\":[{\"@type\":\"ListItem\",\"position\":1,\"name\":\"Startseite\",\"item\":\"https:\/\/murati-servicetechniker.ch\/it\/\"},{\"@type\":\"ListItem\",\"position\":2,\"name\":\"Protezione dati\"}]},{\"@type\":\"WebSite\",\"@id\":\"https:\/\/murati-servicetechniker.ch\/it\/#website\",\"url\":\"https:\/\/murati-servicetechniker.ch\/it\/\",\"name\":\"Murati Servicetechniker\",\"description\":\"\",\"potentialAction\":[{\"@type\":\"SearchAction\",\"target\":{\"@type\":\"EntryPoint\",\"urlTemplate\":\"https:\/\/murati-servicetechniker.ch\/it\/?s={search_term_string}\"},\"query-input\":\"required name=search_term_string\"}],\"inLanguage\":\"it-IT\"}]}<\/script>\n<!-- \/ Yoast SEO plugin. -->","yoast_head_json":{"title":"Protezione dati - Murati Servicetechniker","robots":{"index":"index","follow":"follow","max-snippet":"max-snippet:-1","max-image-preview":"max-image-preview:large","max-video-preview":"max-video-preview:-1"},"canonical":"https:\/\/murati-servicetechniker.ch\/it\/protezione-dati\/","og_locale":"it_IT","og_type":"article","og_title":"Protezione dati - Murati Servicetechniker","og_description":"Protezione datiAccordi sulla protezione dei dati In questa dichiarazione sulla protezione dei dati ti informiamo sul trattamento dei tuoi dati personali. Se vuoi modificare le tue impostazioni sulla privacy (dare il consenso o revocare il consenso gi\u00e0 prestato), clicca qui per modificare le tue impostazioni. Responsabile Murati tecnico dell'assistenza riscaldamento, sanitari e pulizie, Altbachstrasse 8, [&hellip;]","og_url":"https:\/\/murati-servicetechniker.ch\/it\/protezione-dati\/","og_site_name":"Murati Servicetechniker","article_modified_time":"2022-06-28T15:35:25+00:00","twitter_card":"summary_large_image","twitter_misc":{"Tempo di lettura stimato":"5 minuti"},"schema":{"@context":"https:\/\/schema.org","@graph":[{"@type":"WebPage","@id":"https:\/\/murati-servicetechniker.ch\/it\/protezione-dati\/","url":"https:\/\/murati-servicetechniker.ch\/it\/protezione-dati\/","name":"Protezione dati - Murati Servicetechniker","isPartOf":{"@id":"https:\/\/murati-servicetechniker.ch\/it\/#website"},"datePublished":"2022-05-13T09:56:13+00:00","dateModified":"2022-06-28T15:35:25+00:00","breadcrumb":{"@id":"https:\/\/murati-servicetechniker.ch\/it\/protezione-dati\/#breadcrumb"},"inLanguage":"it-IT","potentialAction":[{"@type":"ReadAction","target":["https:\/\/murati-servicetechniker.ch\/it\/protezione-dati\/"]}]},{"@type":"BreadcrumbList","@id":"https:\/\/murati-servicetechniker.ch\/it\/protezione-dati\/#breadcrumb","itemListElement":[{"@type":"ListItem","position":1,"name":"Startseite","item":"https:\/\/murati-servicetechniker.ch\/it\/"},{"@type":"ListItem","position":2,"name":"Protezione dati"}]},{"@type":"WebSite","@id":"https:\/\/murati-servicetechniker.ch\/it\/#website","url":"https:\/\/murati-servicetechniker.ch\/it\/","name":"Murati Servicetechniker","description":"","potentialAction":[{"@type":"SearchAction","target":{"@type":"EntryPoint","urlTemplate":"https:\/\/murati-servicetechniker.ch\/it\/?s={search_term_string}"},"query-input":"required name=search_term_string"}],"inLanguage":"it-IT"}]}},"_links":{"self":[{"href":"https:\/\/murati-servicetechniker.ch\/it\/wp-json\/wp\/v2\/pages\/457","targetHints":{"allow":["GET"]}}],"collection":[{"href":"https:\/\/murati-servicetechniker.ch\/it\/wp-json\/wp\/v2\/pages"}],"about":[{"href":"https:\/\/murati-servicetechniker.ch\/it\/wp-json\/wp\/v2\/types\/page"}],"author":[{"embeddable":true,"href":"https:\/\/murati-servicetechniker.ch\/it\/wp-json\/wp\/v2\/users\/1"}],"replies":[{"embeddable":true,"href":"https:\/\/murati-servicetechniker.ch\/it\/wp-json\/wp\/v2\/comments?post=457"}],"version-history":[{"count":10,"href":"https:\/\/murati-servicetechniker.ch\/it\/wp-json\/wp\/v2\/pages\/457\/revisions"}],"predecessor-version":[{"id":864,"href":"https:\/\/murati-servicetechniker.ch\/it\/wp-json\/wp\/v2\/pages\/457\/revisions\/864"}],"wp:attachment":[{"href":"https:\/\/murati-servicetechniker.ch\/it\/wp-json\/wp\/v2\/media?parent=457"}],"curies":[{"name":"wp","href":"https:\/\/api.w.org\/{rel}","templated":true}]}}